{"id":5589,"date":"2024-05-20T21:08:00","date_gmt":"2024-05-20T20:08:00","guid":{"rendered":"https:\/\/www.macko3d.sk\/?page_id=5589"},"modified":"2024-05-27T16:30:33","modified_gmt":"2024-05-27T15:30:33","slug":"recenzie","status":"publish","type":"page","link":"https:\/\/www.macko3d.sk\/index.php\/recenzie\/","title":{"rendered":"Recenzie"},"content":{"rendered":"\t\t<div data-elementor-type=\"wp-page\" data-elementor-id=\"5589\" class=\"elementor elementor-5589\">\n\t\t\t\t\t\t\t        <section class=\"elementor-section elementor-top-section elementor-element elementor-element-1582288 elementor-section-stretched elementor-section-content-middle elementor-section-boxed elementor-section-height-default elementor-section-height-default ct-header-fixed-none ct-row-max-none\" data-id=\"1582288\" data-element_type=\"section\" data-settings=\"{&quot;stretch_section&quot;:&quot;section-stretched&quot;,&quot;background_background&quot;:&quot;classic&quot;}\">\n            \n                        <div class=\"elementor-container elementor-column-gap-extended \">\n                    <div class=\"elementor-column elementor-col-100 elementor-top-column elementor-element elementor-element-cb1b4f2\" data-id=\"cb1b4f2\" data-element_type=\"column\">\n            <div class=\"elementor-widget-wrap elementor-element-populated\">\n                        \t\t<div class=\"elementor-element elementor-element-a23b1e0 elementor-widget elementor-widget-wp-widget-glsr_site-reviews-form\" data-id=\"a23b1e0\" data-element_type=\"widget\" data-widget_type=\"wp-widget-glsr_site-reviews-form.default\">\n\t\t\t\t<div class=\"elementor-widget-container\">\n\t\t\t<div class=\"glsr glsr-elementor\" id=\"glsr_3620d53c\" data-from=\"widget\" data-shortcode=\"site_reviews_form\"><div class=\"glsr-form-wrap\">\n    <form class=\"glsr-review-form glsr-form elementor-form\" method=\"post\" enctype=\"multipart\/form-data\">\n        <div class=\"elementor-form-fields-wrapper elementor-labels-above\">\n            <input type=\"hidden\" name=\"site-reviews[_action]\" value=\"submit-review\" \/>\n<input type=\"hidden\" name=\"site-reviews[_nonce]\" value=\"a7903e855b\" \/>\n<input type=\"hidden\" name=\"site-reviews[_post_id]\" value=\"5589\" \/>\n<input type=\"hidden\" name=\"site-reviews[_referer]\" value=\"\" \/>\n<input type=\"hidden\" name=\"site-reviews[assigned_posts]\" value=\"\" \/>\n<input type=\"hidden\" name=\"site-reviews[assigned_terms]\" value=\"\" \/>\n<input type=\"hidden\" name=\"site-reviews[assigned_users]\" value=\"\" \/>\n<input type=\"hidden\" name=\"site-reviews[excluded]\" value=\"E5GfKvLYZ2Ng0dGD9HE3hg\" \/>\n<input type=\"hidden\" name=\"site-reviews[form_id]\" value=\"glsr_3620d53c\" \/>\n<input type=\"hidden\" name=\"site-reviews[terms_exist]\" value=\"1\" \/>\n<div class=\"glsr-field\" style=\"display:none;\"><label for=\"site-reviews-d5011db5-glsr_3620d53c\">Va\u0161e hodnotenie<\/label><input type=\"text\" class=\"glsr-input glsr-input-text\" id=\"site-reviews-d5011db5-glsr_3620d53c\" name=\"site-reviews[d5011db5]\" value=\"\" \/><\/div>\n<div class=\"glsr-field glsr-field-rating glsr-required elementor-field-required elementor-field-group elementor-column\" data-field=\"rating\">\n    <label class=\"glsr-label elementor-field-label\" for=\"glsr_3620d53c-rating\">\n    <span>Va\u0161e celkov\u00e9 hodnotenie<\/span>\n<\/label>\n    <select class=\"elementor-field-textual elementor-size-sm browser-default no_wrap no-wrap glsr-select\" id=\"glsr_3620d53c-rating\" name=\"site-reviews[rating]\" required><option value=\"\">Zvo\u013ete hodnotenie\r\n<\/option><option value=\"5\">5 Stars<\/option><option value=\"4\">4 Stars<\/option><option value=\"3\">3 Stars<\/option><option value=\"2\">2 Stars<\/option><option value=\"1\">1 Star<\/option><\/select>\n    <div class=\"glsr-field-error elementor-message elementor-message-danger elementor-help-inline elementor-form-help-inline\"><\/div>\n<\/div>\n<div class=\"glsr-field glsr-field-text glsr-required elementor-field-required elementor-field-type-text elementor-field-group elementor-column\" data-field=\"title\">\n    <label class=\"glsr-label elementor-field-label\" for=\"glsr_3620d53c-title\">\n    <span>N\u00e1zov v\u00e1\u0161ho hodnotenia<\/span>\n<\/label>\n    <input type=\"text\" class=\"elementor-field elementor-field-textual elementor-size-sm glsr-input glsr-input-text\" id=\"glsr_3620d53c-title\" name=\"site-reviews[title]\" required placeholder=\"N\u00e1zov v\u00e1\u0161ho hodnotenia alebo sk\u00fasenosti\" value=\"\" \/>\n    <div class=\"glsr-field-error elementor-message elementor-message-danger elementor-help-inline elementor-form-help-inline\"><\/div>\n<\/div>\n<div class=\"glsr-field glsr-field-textarea glsr-required elementor-field-required elementor-field-type-textarea elementor-field-group elementor-column\" data-field=\"content\">\n    <label class=\"glsr-label elementor-field-label\" for=\"glsr_3620d53c-content\">\n    <span>Va\u0161e hodnotenie<\/span>\n<\/label>\n    <textarea class=\"elementor-field elementor-field-textual elementor-size-sm glsr-textarea\" id=\"glsr_3620d53c-content\" name=\"site-reviews[content]\" required placeholder=\"Povedzte ostatn\u00fdm o va\u0161ej sk\u00fasenosti\" rows=\"5\"><\/textarea>\n    <div class=\"glsr-field-error elementor-message elementor-message-danger elementor-help-inline elementor-form-help-inline\"><\/div>\n<\/div>\n<div class=\"glsr-field glsr-field-text glsr-required elementor-field-required elementor-field-type-text elementor-field-group elementor-column\" data-field=\"name\">\n    <label class=\"glsr-label elementor-field-label\" for=\"glsr_3620d53c-name\">\n    <span>Va\u0161e meno<\/span>\n<\/label>\n    <input type=\"text\" class=\"elementor-field elementor-field-textual elementor-size-sm glsr-input glsr-input-text\" id=\"glsr_3620d53c-name\" name=\"site-reviews[name]\" required placeholder=\"Va\u0161e meno alebo prez\u00edvka\" value=\"\" \/>\n    <div class=\"glsr-field-error elementor-message elementor-message-danger elementor-help-inline elementor-form-help-inline\"><\/div>\n<\/div>\n<div class=\"glsr-field glsr-field-email elementor-field-type-email elementor-field-group elementor-column\" data-field=\"email\">\n    <label class=\"glsr-label elementor-field-label\" for=\"glsr_3620d53c-email\">\n    <span>Email<\/span>\n<\/label>\n    <input type=\"email\" class=\"elementor-field elementor-field-textual elementor-size-sm glsr-input glsr-input-email\" id=\"glsr_3620d53c-email\" name=\"site-reviews[email]\" placeholder=\"Nap\u00ed\u0161te n\u00e1m V\u00e1\u0161 email (nepovinn\u00e9)\" value=\"\" \/>\n    <div class=\"glsr-field-error elementor-message elementor-message-danger elementor-help-inline elementor-form-help-inline\"><\/div>\n<\/div>\n<div class=\"glsr-field glsr-field-choice glsr-required elementor-field-required elementor-field-type-toggle elementor-field-group elementor-column\" data-field=\"terms\">\n    \n    <div class=\"elementor-field-subgroup\">\n        <span class=\"elementor-field-option\">\n    <span class=\"glsr-field-toggle\">\n        <span class=\"glsr-toggle\">\n            <label for=\"glsr_3620d53c-terms-1\">Toto hodnotenie je z\u00e1lo\u017en\u00e9 na mojich vlastn\u00fdch sk\u00fasenostiach a je to m\u00f4j skuto\u010dn\u00fd n\u00e1zor.<\/label>\n            <span class=\"glsr-toggle-switch\">\n                <input type=\"checkbox\" id=\"glsr_3620d53c-terms-1\" name=\"site-reviews[terms]\" required value=\"1\" \/> &#8203; <!-- zero-space character for alignment -->\n                <span class=\"glsr-toggle-track\"><\/span>\n            <\/span>\n        <\/span>\n    <\/span>\n<\/span>\n    <\/div>\n    <div class=\"glsr-field-error elementor-message elementor-message-danger elementor-help-inline elementor-form-help-inline\"><\/div>\n<\/div>\n            <div class=\"elementor-field-group elementor-column elementor-field-type-submit elementor-col-100 e-form__buttons\" data-field=\"submit-button\">\n    <button type=\"submit\" class=\"glsr-button wp-block-button__link elementor-button elementor-size-sm\" aria-busy=\"false\" data-loading=\"Submitting, please wait...\">Zverejni\u0165 hodnotenie<\/button>\n<\/div>\n        <\/div>\n        <div class=\"glsr-captcha-holder\"><\/div><div class=\"glsr-form-message elementor-message\">\n    \n<\/div>\n    <\/form>\n<\/div><\/div>\t\t<\/div>\n\t\t\t\t<\/div>\n\t\t            <\/div>\n        <\/div>\n                            <\/div>\n        <\/section>\n                <section class=\"elementor-section elementor-top-section elementor-element elementor-element-c64f5a4 elementor-section-boxed elementor-section-height-default elementor-section-height-default ct-header-fixed-none ct-row-max-none\" data-id=\"c64f5a4\" data-element_type=\"section\">\n            \n                        <div class=\"elementor-container elementor-column-gap-default \">\n                    <div class=\"elementor-column elementor-col-100 elementor-top-column elementor-element elementor-element-0e5964d\" data-id=\"0e5964d\" data-element_type=\"column\">\n            <div class=\"elementor-widget-wrap elementor-element-populated\">\n                        \t\t<div class=\"elementor-element elementor-element-ef25cf5 elementor-widget elementor-widget-wp-widget-glsr_site-reviews\" data-id=\"ef25cf5\" data-element_type=\"widget\" data-widget_type=\"wp-widget-glsr_site-reviews.default\">\n\t\t\t\t<div class=\"elementor-widget-container\">\n\t\t\t<div class=\"glsr glsr-elementor\" id=\"glsr_fddefb91\" data-from=\"widget\" data-shortcode=\"site_reviews\"><div class=\"glsr-reviews-wrap\">\n    <div class=\"glsr-reviews\">\n        <div class=\"glsr-review\" data-type=\"local\" id=\"review-5626\" data-assigned='[]'>\n    <div class=\"glsr-review-title\"><h4 class=\"glsr-tag-value\">Vsetko tip-top<\/h4><\/div>\n    <div class=\"glsr-review-rating\"><div class=\"glsr-star-rating glsr-stars\" aria-label=\"Rated 5 out of 5 stars\" data-rating=\"5\" data-reviews=\"0\"><span class=\"glsr-star glsr-star-full\" aria-hidden=\"true\"><\/span><span class=\"glsr-star glsr-star-full\" aria-hidden=\"true\"><\/span><span class=\"glsr-star glsr-star-full\" aria-hidden=\"true\"><\/span><span class=\"glsr-star glsr-star-full\" aria-hidden=\"true\"><\/span><span class=\"glsr-star glsr-star-full\" aria-hidden=\"true\"><\/span><\/div><\/div> <div class=\"glsr-review-date\"><span class=\"glsr-tag-value\">1 June 2024<\/span><\/div>\n    \n    <div class=\"glsr-review-content\"><div class=\"glsr-tag-value\" data-expanded=\"false\"><p>S kvalitou tlace a s rychlostou dodania som velmi spokojny, takisto aj komunikacia bola rychla. Odporucam \ud83d\ude42<\/p><\/div><\/div>\n     <div class=\"glsr-review-author\"><span class=\"glsr-tag-value\">Martin<\/span><\/div> \n    \n<\/div>\n    <\/div>\n    \n<\/div><\/div>\t\t<\/div>\n\t\t\t\t<\/div>\n\t\t            <\/div>\n        <\/div>\n                            <\/div>\n        <\/section>\n        \t\t\t\t\t<\/div>\n\t\t","protected":false},"excerpt":{"rendered":"","protected":false},"author":2,"featured_media":0,"parent":0,"menu_order":0,"comment_status":"closed","ping_status":"closed","template":"","meta":{"_glsr_average":0,"_glsr_ranking":0,"_glsr_reviews":0,"footnotes":""},"_links":{"self":[{"href":"https:\/\/www.macko3d.sk\/index.php\/wp-json\/wp\/v2\/pages\/5589"}],"collection":[{"href":"https:\/\/www.macko3d.sk\/index.php\/wp-json\/wp\/v2\/pages"}],"about":[{"href":"https:\/\/www.macko3d.sk\/index.php\/wp-json\/wp\/v2\/types\/page"}],"author":[{"embeddable":true,"href":"https:\/\/www.macko3d.sk\/index.php\/wp-json\/wp\/v2\/users\/2"}],"replies":[{"embeddable":true,"href":"https:\/\/www.macko3d.sk\/index.php\/wp-json\/wp\/v2\/comments?post=5589"}],"version-history":[{"count":6,"href":"https:\/\/www.macko3d.sk\/index.php\/wp-json\/wp\/v2\/pages\/5589\/revisions"}],"predecessor-version":[{"id":5612,"href":"https:\/\/www.macko3d.sk\/index.php\/wp-json\/wp\/v2\/pages\/5589\/revisions\/5612"}],"wp:attachment":[{"href":"https:\/\/www.macko3d.sk\/index.php\/wp-json\/wp\/v2\/media?parent=5589"}],"curies":[{"name":"wp","href":"https:\/\/api.w.org\/{rel}","templated":true}]}}